{"id":1256,"date":"2022-12-11T04:41:34","date_gmt":"2022-12-11T09:41:34","guid":{"rendered":"https:\/\/www.disfrutadetubienestar.com\/?post_type=product&#038;p=1256"},"modified":"2023-04-05T19:45:29","modified_gmt":"2023-04-06T00:45:29","slug":"nrg-guarana-tropical-tropical-60-g","status":"publish","type":"product","link":"https:\/\/www.disfrutadetubienestar.com\/en\/product\/nrg-guarana-tropical-tropical-60-g\/","title":{"rendered":"NRG Guaran\u00e1 Tropical Tropical 60 g"},"content":{"rendered":"<p>Uso del producto<\/p>\n<ul>\n<li>Mezcla 1\/2 cucharadita (1 g) de t\u00e9 con 3\/4 taza (180 ml) de agua caliente o fr\u00eda.<\/li>\n<\/ul>\n<p><em>CONTENIDO ELEVADO EN CAFE\u00cdNA (22 MG\/100ML). LA BEBIDA ENERGIZANTE NO PREVIENE LOS EFECTOS GENERADOS POR EL CONSUMO DE BEBIDAS ALCOH\u00d3LICAS. NO SE RECOMIENDA EL CONSUMO DE BEBIDAS ENERGIZANTES CON BEBIDAS ALCOH\u00d3LICAS. ESTE PRODUCTO SOLO PODR\u00c1 SER COMERCIALIZADO, EXPENDIDO Y DIRIGIDO A POBLACI\u00d3N MAYOR DE 14 A\u00d1OS. ESTE PRODUCTO NO ES RECOMENDADO PARA PERSONAS SENSIBLES A LA CAFE\u00cdNA.<\/em><\/p>\n<h5 data-bind=\"visible: KeyBenefits\">Beneficios clave<\/h5>","protected":false},"excerpt":{"rendered":"<h3 id=\"info-toggle\">Descripci\u00f3n del producto<\/h3>\n<div class=\"info-content\">\n<article>\n<ul>\n<li>Las semillas de guaran\u00e1 contienen guaranina, un compuesto que act\u00faa como estimulante del organismo, igual que la cafe\u00edna.<\/li>\n<li>La cafe\u00edna presente apoya el estado de concentraci\u00f3n y alerta, y ayuda a reducir la sensaci\u00f3n de fatiga f\u00edsica y mental.<\/li>\n<li>Contiene cafe\u00edna natural adicionada a la cafe\u00edna aportada por el t\u00e9 negro pekoe naranja y las semillas del guaran\u00e1 que te ayudar\u00e1n a estimular tu organismo y a sentirte con m\u00e1s energ\u00eda.<\/li>\n<\/ul>\n<\/article>\n<\/div>","protected":false},"featured_media":1340,"comment_status":"open","ping_status":"closed","template":"","meta":{"tpgb_global_settings":"","_eb_attr":"","_kadence_starter_templates_imported_post":true,"_kad_post_transparent":"default","_kad_post_title":"","_kad_post_layout":"default","_kad_post_sidebar_id":"","_kad_post_content_style":"default","_kad_post_vertical_padding":"default","_kad_post_feature":"","_kad_post_feature_position":"","_kad_post_header":false,"_kad_post_footer":false,"_joinchat":[]},"product_brand":[],"product_cat":[54,47,56,18,33],"product_tag":[],"class_list":{"0":"post-1256","1":"product","2":"type-product","3":"status-publish","4":"has-post-thumbnail","6":"product_cat-alimentos","7":"product_cat-mejora-la-energia","8":"product_cat-herbalife","9":"product_cat-nutricion-interna","10":"product_cat-deportes-actividad-fisica","12":"first","13":"instock","14":"sale","15":"shipping-taxable","16":"purchasable","17":"product-type-simple","18":"add-to-wishlist-after_add_to_cart","19":"entry","20":"content-bg","21":"loop-entry"},"tpgb_featured_images":{"full":["https:\/\/www.disfrutadetubienestar.com\/wp-content\/uploads\/2022\/12\/n_r_g_gurarana_tropical.webp",800,800,false],"tp-image-grid":["https:\/\/www.disfrutadetubienestar.com\/wp-content\/uploads\/2022\/12\/n_r_g_gurarana_tropical.webp",700,700,false],"thumbnail":["https:\/\/www.disfrutadetubienestar.com\/wp-content\/uploads\/2022\/12\/n_r_g_gurarana_tropical-150x150.webp",150,150,true],"medium":["https:\/\/www.disfrutadetubienestar.com\/wp-content\/uploads\/2022\/12\/n_r_g_gurarana_tropical-300x300.webp",300,300,true],"medium_large":["https:\/\/www.disfrutadetubienestar.com\/wp-content\/uploads\/2022\/12\/n_r_g_gurarana_tropical-768x768.webp",768,768,true],"large":["https:\/\/www.disfrutadetubienestar.com\/wp-content\/uploads\/2022\/12\/n_r_g_gurarana_tropical.webp",800,800,false],"default":"https:\/\/www.disfrutadetubienestar.com\/wp-content\/plugins\/the-plus-addons-for-block-editor\/assets\/images\/tpgb-placeholder.jpg"},"tpgb_post_meta_info":{"get_date":"11 de December de 2022","get_modified_date":"5 de April de 2023","category_list":{"product_brand":false,"product_cat":[{"term_id":54,"name":"Alimentos","slug":"alimentos","term_group":0,"term_taxonomy_id":54,"taxonomy":"product_cat","description":"","parent":0,"count":29,"filter":"raw"},{"term_id":47,"name":"Energia","slug":"mejora-la-energia","term_group":0,"term_taxonomy_id":47,"taxonomy":"product_cat","description":"","parent":0,"count":15,"filter":"raw"},{"term_id":56,"name":"Herbalife","slug":"herbalife","term_group":0,"term_taxonomy_id":56,"taxonomy":"product_cat","description":"","parent":0,"count":59,"filter":"raw"},{"term_id":18,"name":"Nutrici\u00f3n","slug":"nutricion-interna","term_group":0,"term_taxonomy_id":18,"taxonomy":"product_cat","description":"","parent":0,"count":39,"filter":"raw"},{"term_id":33,"name":"Nutrici\u00f3n Deportiva","slug":"deportes-actividad-fisica","term_group":0,"term_taxonomy_id":33,"taxonomy":"product_cat","description":"","parent":0,"count":8,"filter":"raw"}],"product_tag":false},"comment_count":0,"post_likes":0,"post_views":0},"tpgb_post_category":{"product_cat":"<a href=\"https:\/\/www.disfrutadetubienestar.com\/en\/product-category\/alimentos\/\" alt=\"Alimentos\" class=\"product_cat-alimentos\">Alimentos<\/a> <a href=\"https:\/\/www.disfrutadetubienestar.com\/en\/product-category\/mejora-la-energia\/\" alt=\"Energia\" class=\"product_cat-mejora-la-energia\">Energia<\/a> <a href=\"https:\/\/www.disfrutadetubienestar.com\/en\/product-category\/herbalife\/\" alt=\"Herbalife\" class=\"product_cat-herbalife\">Herbalife<\/a> <a href=\"https:\/\/www.disfrutadetubienestar.com\/en\/product-category\/nutricion-interna\/\" alt=\"Nutrici\u00f3n\" class=\"product_cat-nutricion-interna\">Nutrici\u00f3n<\/a> <a href=\"https:\/\/www.disfrutadetubienestar.com\/en\/product-category\/deportes-actividad-fisica\/\" alt=\"Nutrici\u00f3n Deportiva\" class=\"product_cat-deportes-actividad-fisica\">Nutrici\u00f3n Deportiva<\/a> "},"tpgb_product_data":{"price_html":"<del aria-hidden=\"true\"><span class=\"woocommerce-Price-amount amount\"><bdi><span class=\"woocommerce-Price-currencySymbol\">&#36;<\/span>&nbsp;84.000<\/bdi><\/span><\/del> <span class=\"screen-reader-text\">Original price was: &#036;&nbsp;84.000.<\/span><ins aria-hidden=\"true\"><span class=\"woocommerce-Price-amount amount\"><bdi><span class=\"woocommerce-Price-currencySymbol\">&#36;<\/span>&nbsp;82.320<\/bdi><\/span><\/ins><span class=\"screen-reader-text\">Current price is: &#036;&nbsp;82.320.<\/span>","type":"simple","gallery":false,"category":"Alimentos","procatslug":"alimentos","productBadge":"<span class=\"badge onsale perc\">&darr; 2%<\/span>"},"jetpack_sharing_enabled":true,"_links":{"self":[{"href":"https:\/\/www.disfrutadetubienestar.com\/en\/wp-json\/wp\/v2\/product\/1256","targetHints":{"allow":["GET"]}}],"collection":[{"href":"https:\/\/www.disfrutadetubienestar.com\/en\/wp-json\/wp\/v2\/product"}],"about":[{"href":"https:\/\/www.disfrutadetubienestar.com\/en\/wp-json\/wp\/v2\/types\/product"}],"replies":[{"embeddable":true,"href":"https:\/\/www.disfrutadetubienestar.com\/en\/wp-json\/wp\/v2\/comments?post=1256"}],"wp:featuredmedia":[{"embeddable":true,"href":"https:\/\/www.disfrutadetubienestar.com\/en\/wp-json\/wp\/v2\/media\/1340"}],"wp:attachment":[{"href":"https:\/\/www.disfrutadetubienestar.com\/en\/wp-json\/wp\/v2\/media?parent=1256"}],"wp:term":[{"taxonomy":"product_brand","embeddable":true,"href":"https:\/\/www.disfrutadetubienestar.com\/en\/wp-json\/wp\/v2\/product_brand?post=1256"},{"taxonomy":"product_cat","embeddable":true,"href":"https:\/\/www.disfrutadetubienestar.com\/en\/wp-json\/wp\/v2\/product_cat?post=1256"},{"taxonomy":"product_tag","embeddable":true,"href":"https:\/\/www.disfrutadetubienestar.com\/en\/wp-json\/wp\/v2\/product_tag?post=1256"}],"curies":[{"name":"wp","href":"https:\/\/api.w.org\/{rel}","templated":true}]}}