{"id":1263,"date":"2022-12-11T04:54:53","date_gmt":"2022-12-11T09:54:53","guid":{"rendered":"https:\/\/www.disfrutadetubienestar.com\/?post_type=product&#038;p=1263"},"modified":"2023-04-05T19:31:52","modified_gmt":"2023-04-06T00:31:52","slug":"herbalife-skin-tonificador-energizante-de-hierbas","status":"publish","type":"product","link":"https:\/\/www.disfrutadetubienestar.com\/en\/product\/herbalife-skin-tonificador-energizante-de-hierbas\/","title":{"rendered":"Herbalife Skin Tonificador Energizante de Hierbas)"},"content":{"rendered":"<p>&nbsp;<\/p>\n<h5 data-bind=\"visible: KeyBenefits\">Beneficios clave<\/h5>\n<div class=\"disc\" data-bind=\"visible: KeyBenefits, html: KeyBenefits\">\n<ul>\n<li>Formulado para refrescar la piel deshidratada.<\/li>\n<li>Ayuda a mantener la humedad natural de la piel.<\/li>\n<li>Formula suave sin alcohol que no irrita y no despoja a la piel de sus humectantes naturales.<\/li>\n<li>El uso por la ma\u00f1ana y por la noche ayuda a preparar tu piel para recibir mejor el s\u00e9rum y el hidratante de d\u00eda o de noche.<\/li>\n<li>Contiene s\u00e1bila para calmar la piel de aspecto cansado.<\/li>\n<li>Contiene extracto de romero y\u00a0<i>Hamamelis virginiana.<\/i><\/li>\n<li>Contiene vitaminas B3, C y E.<\/li>\n<li>Con fragancia a mandarina.<\/li>\n<li>Sin adici\u00f3n de parabenos. Probado dermatol\u00f3gicamente.<\/li>\n<\/ul>\n<\/div>\n<h5 data-bind=\"visible: Usage\">Uso del Producto<\/h5>\n<div class=\"disc\" data-bind=\"visible: Usage, html: Usage\">\n<p>Para usar por la ma\u00f1ana y por la noche, luego del limpiador.<\/p>\n<p><b>Etiqueta de Producto<\/b><\/p>\n<\/div>","protected":false},"excerpt":{"rendered":"<h3 id=\"info-toggle\"><strong>Descripci\u00f3n del producto<\/strong><\/h3>\n<div class=\"info-content\">\n<article><strong>Suave limpiador enriquecido con s\u00e1bila que retira cuidadosamente el exceso de grasa, las impurezas y el maquillaje, dejando la piel limpia y despejada<\/strong><\/article>\n<\/div>","protected":false},"featured_media":1264,"comment_status":"open","ping_status":"closed","template":"","meta":{"tpgb_global_settings":"","_eb_attr":"","_kadence_starter_templates_imported_post":true,"_kad_post_transparent":"default","_kad_post_title":"","_kad_post_layout":"default","_kad_post_sidebar_id":"","_kad_post_content_style":"default","_kad_post_vertical_padding":"default","_kad_post_feature":"","_kad_post_feature_position":"","_kad_post_header":false,"_kad_post_footer":false,"_joinchat":[]},"product_brand":[],"product_cat":[22,32,56],"product_tag":[],"class_list":{"0":"post-1263","1":"product","2":"type-product","3":"status-publish","4":"has-post-thumbnail","6":"product_cat-productos-para-la-piel","7":"product_cat-piel","8":"product_cat-herbalife","10":"first","11":"instock","12":"sale","13":"shipping-taxable","14":"purchasable","15":"product-type-simple","16":"add-to-wishlist-after_add_to_cart","17":"entry","18":"content-bg","19":"loop-entry"},"tpgb_featured_images":{"full":["https:\/\/www.disfrutadetubienestar.com\/wp-content\/uploads\/2022\/12\/Herbalife-Skin-Tonificador-Energizante-de-Hierbas.jpg",1200,1200,false],"tp-image-grid":["https:\/\/www.disfrutadetubienestar.com\/wp-content\/uploads\/2022\/12\/Herbalife-Skin-Tonificador-Energizante-de-Hierbas.jpg",700,700,false],"thumbnail":["https:\/\/www.disfrutadetubienestar.com\/wp-content\/uploads\/2022\/12\/Herbalife-Skin-Tonificador-Energizante-de-Hierbas-150x150.jpg",150,150,true],"medium":["https:\/\/www.disfrutadetubienestar.com\/wp-content\/uploads\/2022\/12\/Herbalife-Skin-Tonificador-Energizante-de-Hierbas-300x300.jpg",300,300,true],"medium_large":["https:\/\/www.disfrutadetubienestar.com\/wp-content\/uploads\/2022\/12\/Herbalife-Skin-Tonificador-Energizante-de-Hierbas-768x768.jpg",768,768,true],"large":["https:\/\/www.disfrutadetubienestar.com\/wp-content\/uploads\/2022\/12\/Herbalife-Skin-Tonificador-Energizante-de-Hierbas-1024x1024.jpg",1024,1024,true],"default":"https:\/\/www.disfrutadetubienestar.com\/wp-content\/plugins\/the-plus-addons-for-block-editor\/assets\/images\/tpgb-placeholder.jpg"},"tpgb_post_meta_info":{"get_date":"11 de December de 2022","get_modified_date":"5 de April de 2023","category_list":{"product_brand":false,"product_cat":[{"term_id":22,"name":"Belleza","slug":"productos-para-la-piel","term_group":0,"term_taxonomy_id":22,"taxonomy":"product_cat","description":"","parent":0,"count":45,"filter":"raw"},{"term_id":32,"name":"Facial","slug":"piel","term_group":0,"term_taxonomy_id":32,"taxonomy":"product_cat","description":"","parent":0,"count":31,"filter":"raw"},{"term_id":56,"name":"Herbalife","slug":"herbalife","term_group":0,"term_taxonomy_id":56,"taxonomy":"product_cat","description":"","parent":0,"count":59,"filter":"raw"}],"product_tag":false},"comment_count":0,"post_likes":0,"post_views":0},"tpgb_post_category":{"product_cat":"<a href=\"https:\/\/www.disfrutadetubienestar.com\/en\/product-category\/productos-para-la-piel\/\" alt=\"Belleza\" class=\"product_cat-productos-para-la-piel\">Belleza<\/a> <a href=\"https:\/\/www.disfrutadetubienestar.com\/en\/product-category\/piel\/\" alt=\"Facial\" class=\"product_cat-piel\">Facial<\/a> <a href=\"https:\/\/www.disfrutadetubienestar.com\/en\/product-category\/herbalife\/\" alt=\"Herbalife\" class=\"product_cat-herbalife\">Herbalife<\/a> "},"tpgb_product_data":{"price_html":"<del aria-hidden=\"true\"><span class=\"woocommerce-Price-amount amount\"><bdi><span class=\"woocommerce-Price-currencySymbol\">&#36;<\/span>&nbsp;67.000<\/bdi><\/span><\/del> <span class=\"screen-reader-text\">Original price was: &#036;&nbsp;67.000.<\/span><ins aria-hidden=\"true\"><span class=\"woocommerce-Price-amount amount\"><bdi><span class=\"woocommerce-Price-currencySymbol\">&#36;<\/span>&nbsp;65.660<\/bdi><\/span><\/ins><span class=\"screen-reader-text\">Current price is: &#036;&nbsp;65.660.<\/span>","type":"simple","gallery":false,"category":"Belleza","procatslug":"productos-para-la-piel","productBadge":"<span class=\"badge onsale perc\">&darr; 2%<\/span>"},"jetpack_sharing_enabled":true,"_links":{"self":[{"href":"https:\/\/www.disfrutadetubienestar.com\/en\/wp-json\/wp\/v2\/product\/1263","targetHints":{"allow":["GET"]}}],"collection":[{"href":"https:\/\/www.disfrutadetubienestar.com\/en\/wp-json\/wp\/v2\/product"}],"about":[{"href":"https:\/\/www.disfrutadetubienestar.com\/en\/wp-json\/wp\/v2\/types\/product"}],"replies":[{"embeddable":true,"href":"https:\/\/www.disfrutadetubienestar.com\/en\/wp-json\/wp\/v2\/comments?post=1263"}],"wp:featuredmedia":[{"embeddable":true,"href":"https:\/\/www.disfrutadetubienestar.com\/en\/wp-json\/wp\/v2\/media\/1264"}],"wp:attachment":[{"href":"https:\/\/www.disfrutadetubienestar.com\/en\/wp-json\/wp\/v2\/media?parent=1263"}],"wp:term":[{"taxonomy":"product_brand","embeddable":true,"href":"https:\/\/www.disfrutadetubienestar.com\/en\/wp-json\/wp\/v2\/product_brand?post=1263"},{"taxonomy":"product_cat","embeddable":true,"href":"https:\/\/www.disfrutadetubienestar.com\/en\/wp-json\/wp\/v2\/product_cat?post=1263"},{"taxonomy":"product_tag","embeddable":true,"href":"https:\/\/www.disfrutadetubienestar.com\/en\/wp-json\/wp\/v2\/product_tag?post=1263"}],"curies":[{"name":"wp","href":"https:\/\/api.w.org\/{rel}","templated":true}]}}