{"id":1279,"date":"2022-12-11T05:15:22","date_gmt":"2022-12-11T10:15:22","guid":{"rendered":"https:\/\/www.disfrutadetubienestar.com\/?post_type=product&#038;p=1279"},"modified":"2023-04-05T18:54:40","modified_gmt":"2023-04-05T23:54:40","slug":"programa-basico-piel-normal-a-seca","status":"publish","type":"product","link":"https:\/\/www.disfrutadetubienestar.com\/en\/product\/programa-basico-piel-normal-a-seca\/","title":{"rendered":"Programa B\u00e1sico Piel Normal a Seca"},"content":{"rendered":"<p>&nbsp;<\/p>\n<div class=\"disc\" data-bind=\"visible: Usage, html: Usage\">\n<div class=\"disc\" data-bind=\"visible: Usage, html: Usage\">\n<div class=\"disc\" data-bind=\"visible: Usage, html: Usage\">\n<div class=\"disc\" data-bind=\"visible: Usage, html: Usage\">\n<div class=\"disc\" data-bind=\"visible: Usage, html: Usage\">\n<div class=\"disc\" data-bind=\"visible: Usage, html: Usage\">\n<div class=\"disc\" data-bind=\"visible: Usage, html: Usage\">\n<div class=\"disc\" data-bind=\"visible: Usage, html: Usage\">\n<h3 id=\"info-toggle\">Descripci\u00f3n<\/h3>\n<div class=\"info-content\">\n<article>Pr\u00e1ctico programa de tres pasos con el que le dar\u00e1 a su piel el cuidado b\u00e1sico que necesita: Limpia, tonifica y humecta.<\/p>\n<p class=\"overview disc\" data-bind=\"html: Overview, visible: Overview\">Skin es la nueva l\u00ednea de cuidado facial con una formula avanzada\u00a0para todo tipo de piel de hombres y mujeres.<\/p>\n<p>Productos cl\u00ednicamente probados.<\/p>\n<\/article>\n<\/div>\n<\/div>\n<\/div>\n<\/div>\n<\/div>\n<\/div>\n<\/div>\n<\/div>\n<\/div>","protected":false},"excerpt":{"rendered":"<h3 id=\"info-toggle\">Descripci\u00f3n del producto<\/h3>\n<div class=\"info-content\">\n<article>0765 Limpiador Relajante de S\u00e1bila (Mililitro a $ 392.16)<br \/>\n0767 Tonificador Energizante de Hierbas (Mililitro a $ 890.76)<br \/>\n0899 Crema Humectante Protectora de D\u00eda de Amplio Espectro FPS 30 (Mililitro a $ 3333.33)<\/article>\n<\/div>","protected":false},"featured_media":1331,"comment_status":"open","ping_status":"closed","template":"","meta":{"tpgb_global_settings":"","_eb_attr":"","_kadence_starter_templates_imported_post":true,"_kad_post_transparent":"default","_kad_post_title":"","_kad_post_layout":"default","_kad_post_sidebar_id":"","_kad_post_content_style":"default","_kad_post_vertical_padding":"default","_kad_post_feature":"","_kad_post_feature_position":"","_kad_post_header":false,"_kad_post_footer":false,"_joinchat":[]},"product_brand":[],"product_cat":[22,32,56],"product_tag":[],"class_list":{"0":"post-1279","1":"product","2":"type-product","3":"status-publish","4":"has-post-thumbnail","6":"product_cat-productos-para-la-piel","7":"product_cat-piel","8":"product_cat-herbalife","10":"first","11":"instock","12":"sale","13":"shipping-taxable","14":"purchasable","15":"product-type-simple","16":"add-to-wishlist-after_add_to_cart","17":"entry","18":"content-bg","19":"loop-entry"},"tpgb_featured_images":{"full":["https:\/\/www.disfrutadetubienestar.com\/wp-content\/uploads\/2022\/12\/kit_basico_para_piel_seca.webp",800,800,false],"tp-image-grid":["https:\/\/www.disfrutadetubienestar.com\/wp-content\/uploads\/2022\/12\/kit_basico_para_piel_seca.webp",700,700,false],"thumbnail":["https:\/\/www.disfrutadetubienestar.com\/wp-content\/uploads\/2022\/12\/kit_basico_para_piel_seca-150x150.webp",150,150,true],"medium":["https:\/\/www.disfrutadetubienestar.com\/wp-content\/uploads\/2022\/12\/kit_basico_para_piel_seca-300x300.webp",300,300,true],"medium_large":["https:\/\/www.disfrutadetubienestar.com\/wp-content\/uploads\/2022\/12\/kit_basico_para_piel_seca-768x768.webp",768,768,true],"large":["https:\/\/www.disfrutadetubienestar.com\/wp-content\/uploads\/2022\/12\/kit_basico_para_piel_seca.webp",800,800,false],"default":"https:\/\/www.disfrutadetubienestar.com\/wp-content\/plugins\/the-plus-addons-for-block-editor\/assets\/images\/tpgb-placeholder.jpg"},"tpgb_post_meta_info":{"get_date":"11 de December de 2022","get_modified_date":"5 de April de 2023","category_list":{"product_brand":false,"product_cat":[{"term_id":22,"name":"Belleza","slug":"productos-para-la-piel","term_group":0,"term_taxonomy_id":22,"taxonomy":"product_cat","description":"","parent":0,"count":45,"filter":"raw"},{"term_id":32,"name":"Facial","slug":"piel","term_group":0,"term_taxonomy_id":32,"taxonomy":"product_cat","description":"","parent":0,"count":31,"filter":"raw"},{"term_id":56,"name":"Herbalife","slug":"herbalife","term_group":0,"term_taxonomy_id":56,"taxonomy":"product_cat","description":"","parent":0,"count":59,"filter":"raw"}],"product_tag":false},"comment_count":0,"post_likes":0,"post_views":0},"tpgb_post_category":{"product_cat":"<a href=\"https:\/\/www.disfrutadetubienestar.com\/en\/product-category\/productos-para-la-piel\/\" alt=\"Belleza\" class=\"product_cat-productos-para-la-piel\">Belleza<\/a> <a href=\"https:\/\/www.disfrutadetubienestar.com\/en\/product-category\/piel\/\" alt=\"Facial\" class=\"product_cat-piel\">Facial<\/a> <a href=\"https:\/\/www.disfrutadetubienestar.com\/en\/product-category\/herbalife\/\" alt=\"Herbalife\" class=\"product_cat-herbalife\">Herbalife<\/a> "},"tpgb_product_data":{"price_html":"<del aria-hidden=\"true\"><span class=\"woocommerce-Price-amount amount\"><bdi><span class=\"woocommerce-Price-currencySymbol\">&#36;<\/span>&nbsp;302.000<\/bdi><\/span><\/del> <span class=\"screen-reader-text\">Original price was: &#036;&nbsp;302.000.<\/span><ins aria-hidden=\"true\"><span class=\"woocommerce-Price-amount amount\"><bdi><span class=\"woocommerce-Price-currencySymbol\">&#36;<\/span>&nbsp;295.960<\/bdi><\/span><\/ins><span class=\"screen-reader-text\">Current price is: &#036;&nbsp;295.960.<\/span>","type":"simple","gallery":false,"category":"Belleza","procatslug":"productos-para-la-piel","productBadge":"<span class=\"badge onsale perc\">&darr; 2%<\/span>"},"jetpack_sharing_enabled":true,"_links":{"self":[{"href":"https:\/\/www.disfrutadetubienestar.com\/en\/wp-json\/wp\/v2\/product\/1279","targetHints":{"allow":["GET"]}}],"collection":[{"href":"https:\/\/www.disfrutadetubienestar.com\/en\/wp-json\/wp\/v2\/product"}],"about":[{"href":"https:\/\/www.disfrutadetubienestar.com\/en\/wp-json\/wp\/v2\/types\/product"}],"replies":[{"embeddable":true,"href":"https:\/\/www.disfrutadetubienestar.com\/en\/wp-json\/wp\/v2\/comments?post=1279"}],"wp:featuredmedia":[{"embeddable":true,"href":"https:\/\/www.disfrutadetubienestar.com\/en\/wp-json\/wp\/v2\/media\/1331"}],"wp:attachment":[{"href":"https:\/\/www.disfrutadetubienestar.com\/en\/wp-json\/wp\/v2\/media?parent=1279"}],"wp:term":[{"taxonomy":"product_brand","embeddable":true,"href":"https:\/\/www.disfrutadetubienestar.com\/en\/wp-json\/wp\/v2\/product_brand?post=1279"},{"taxonomy":"product_cat","embeddable":true,"href":"https:\/\/www.disfrutadetubienestar.com\/en\/wp-json\/wp\/v2\/product_cat?post=1279"},{"taxonomy":"product_tag","embeddable":true,"href":"https:\/\/www.disfrutadetubienestar.com\/en\/wp-json\/wp\/v2\/product_tag?post=1279"}],"curies":[{"name":"wp","href":"https:\/\/api.w.org\/{rel}","templated":true}]}}