{"id":2074,"date":"2022-12-21T03:45:40","date_gmt":"2022-12-21T03:45:40","guid":{"rendered":"https:\/\/www.disfrutadetubienestar.com\/?post_type=product&#038;p=2074"},"modified":"2023-01-04T21:13:44","modified_gmt":"2023-01-04T21:13:44","slug":"body-con-tirantas-y-short-202046-segunda-piel","status":"publish","type":"product","link":"https:\/\/www.disfrutadetubienestar.com\/en\/product\/body-con-tirantas-y-short-202046-segunda-piel\/","title":{"rendered":"Body con tirantas y Short 202046 &#8211; Segunda Piel"},"content":{"rendered":"<p>sku- 202011<\/p>\n<div class=\"disc\" data-bind=\"visible: Usage, html: Usage\">\n<div class=\"disc\" data-bind=\"visible: Usage, html: Usage\">\n<div class=\"disc\" data-bind=\"visible: Usage, html: Usage\">\n<div class=\"disc\" data-bind=\"visible: Usage, html: Usage\">\n<div class=\"disc\" data-bind=\"visible: Usage, html: Usage\">\n<div class=\"disc\" data-bind=\"visible: Usage, html: Usage\">\n<div class=\"disc\" data-bind=\"visible: Usage, html: Usage\">\n<div class=\"disc\" data-bind=\"visible: Usage, html: Usage\">\n<div class=\"info-content\">\n<article>\n<div class=\"disc\" data-bind=\"visible: Usage, html: Usage\">\n<div class=\"disc\" data-bind=\"visible: Usage, html: Usage\">\n<div class=\"disc\" data-bind=\"visible: Usage, html: Usage\">\n<h5 data-bind=\"visible: KeyBenefits\">Beneficios<\/h5>\n<\/div>\n<h2>Descripci\u00f3n General<\/h2>\n<p>Esta faja de tirantes anchos y espalda alta que cubre muy bien la zona lumbar y te ayuda a moldear abdomen y cintura. Esta faja tipo body short est\u00e1 elaborada en powernet suave de comprensi\u00f3n media y cuenta con cierre con 3 niveles de control para que ajustes tu faja a medida que bajas tallas. Es el complemento ideal para la recuperaci\u00f3n de los m\u00fasculos despu\u00e9s del embarazo y tambi\u00e9n una prenda excelente de uso diario.<\/p>\n<ul>\n<li>Color: Negro<\/li>\n<li>Nivel de compresi\u00f3n: alto<\/li>\n<li>Zona de control: Abdomen, Muslos<\/li>\n<li>Tipo de cierre: enteriza<\/li>\n<li>Material:\u00a0Powernet suave y lycra poli\u00e9ster<\/li>\n<li>Tallas: 2XS XS S M L XL 2XL<\/li>\n<\/ul>\n<\/div>\n<\/div>\n<\/article>\n<\/div>\n<div class=\"info-content\">\n<div class=\"info-content\">\n<h3 class=\"widget-title\">\u00bfC\u00d3MO SELECCIONAR LA TALLA DE TU FAJA?<\/h3>\n<div class=\"siteorigin-widget-tinymce textwidget\">\n<p>Toma la medida de tu cintura y cadera con un metro de modister\u00eda. La medida de la cintura la debes tomar a la altura de tu ombligo, la medida de tu cadera en la parte m\u00e1s prominente de la cola. Debes tomar una medida c\u00f3moda, sin apretar el metro. Luego ubica tus medidas en el siguiente cuadro de tallaje.<\/p>\n<p>Si las medidas de tu cintura y cadera no coinciden en la misma talla, puedes tomar como referencia la talla de pantal\u00f3n que usas habitualmente.<\/p>\n<\/div>\n<\/div>\n<h3 class=\"widget-title\">IMPORTANTE PARA TENER EN CUENTA:<\/h3>\n<div class=\"siteorigin-widget-tinymce textwidget\">\n<p>Debes tomar la medida con tu cuerpo en estado normal. Si tuviste recientemente una cirug\u00eda o parto, el grado de inflamaci\u00f3n puede alterar la medida correcta de la faja. En estos casos te recomendamos seleccionar un producto que tenga un tipo de cierre con varias l\u00edneas de broches para que puedas ajustar la prenda a medida que reduces tallas.<\/p>\n<\/div>\n<article>\n<div class=\"disc\" data-bind=\"visible: Usage, html: Usage\">\n<div class=\"disc\" data-bind=\"visible: Usage, html: Usage\">\n<p>&nbsp;<\/p>\n<\/div>\n<\/div>\n<\/article>\n<\/div>\n<\/div>\n<\/div>\n<\/div>\n<\/div>\n<\/div>\n<\/div>\n<\/div>\n<\/div>","protected":false},"excerpt":{"rendered":"<h3 id=\"info-toggle\"><strong>Descripci\u00f3n del producto<\/strong><\/h3>\n<div class=\"info-content\">\n<article>\n<p class=\"overview disc\" data-bind=\"html: Overview, visible: Overview\">producto dise\u00f1ado con altos est\u00e1ndares de fabricaci\u00f3n, con telas de alta calidad y resistencia, c\u00f3modos y durables, la amaras<\/p>\n<h4><strong>BENEFICIOS:<\/strong><\/h4>\n<ul>\n<li>Faja en powernet fuerte que comprime y moldea el cuerpo.<\/li>\n<li>Invisible, no se nota debajo de la ropa.<\/li>\n<li>Corrige la postura de tu espalda.<\/li>\n<\/ul>\n<h4><strong>CUIDADOS:<\/strong><\/h4>\n<ul>\n<li>Lavar a mano o en lavadora sin usar blanqueadores. Evitar el uso de secadora. Preferiblemente secar a la sombra.<\/li>\n<\/ul>\n<\/article>\n<\/div>","protected":false},"featured_media":2083,"comment_status":"open","ping_status":"closed","template":"","meta":{"tpgb_global_settings":"","_eb_attr":"","_kadence_starter_templates_imported_post":true,"_kad_post_transparent":"default","_kad_post_title":"","_kad_post_layout":"default","_kad_post_sidebar_id":"","_kad_post_content_style":"default","_kad_post_vertical_padding":"default","_kad_post_feature":"","_kad_post_feature_position":"","_kad_post_header":false,"_kad_post_footer":false,"_joinchat":[]},"product_brand":[],"product_cat":[21,41],"product_tag":[],"class_list":{"0":"post-2074","1":"product","2":"type-product","3":"status-publish","4":"has-post-thumbnail","6":"product_cat-moldea-tu-figura","7":"product_cat-ofertas","9":"first","10":"instock","11":"sale","12":"shipping-taxable","13":"purchasable","14":"product-type-variable","15":"add-to-wishlist-after_add_to_cart","16":"entry","17":"content-bg","18":"loop-entry"},"tpgb_featured_images":{"full":["https:\/\/www.disfrutadetubienestar.com\/wp-content\/uploads\/2022\/12\/Body-con-tirantas-y-Short-202046.jpg",1200,1200,false],"tp-image-grid":["https:\/\/www.disfrutadetubienestar.com\/wp-content\/uploads\/2022\/12\/Body-con-tirantas-y-Short-202046.jpg",700,700,false],"thumbnail":["https:\/\/www.disfrutadetubienestar.com\/wp-content\/uploads\/2022\/12\/Body-con-tirantas-y-Short-202046-150x150.jpg",150,150,true],"medium":["https:\/\/www.disfrutadetubienestar.com\/wp-content\/uploads\/2022\/12\/Body-con-tirantas-y-Short-202046-300x300.jpg",300,300,true],"medium_large":["https:\/\/www.disfrutadetubienestar.com\/wp-content\/uploads\/2022\/12\/Body-con-tirantas-y-Short-202046-768x768.jpg",768,768,true],"large":["https:\/\/www.disfrutadetubienestar.com\/wp-content\/uploads\/2022\/12\/Body-con-tirantas-y-Short-202046-1024x1024.jpg",1024,1024,true],"default":"https:\/\/www.disfrutadetubienestar.com\/wp-content\/plugins\/the-plus-addons-for-block-editor\/assets\/images\/tpgb-placeholder.jpg"},"tpgb_post_meta_info":{"get_date":"21 de December de 2022","get_modified_date":"4 de January de 2023","category_list":{"product_brand":false,"product_cat":[{"term_id":21,"name":"Fajas","slug":"moldea-tu-figura","term_group":0,"term_taxonomy_id":21,"taxonomy":"product_cat","description":"","parent":0,"count":9,"filter":"raw"},{"term_id":41,"name":"Promociones","slug":"ofertas","term_group":0,"term_taxonomy_id":41,"taxonomy":"product_cat","description":"Promociones exclusivos para ti","parent":0,"count":34,"filter":"raw"}],"product_tag":false},"comment_count":0,"post_likes":0,"post_views":0},"tpgb_post_category":{"product_cat":"<a href=\"https:\/\/www.disfrutadetubienestar.com\/en\/product-category\/moldea-tu-figura\/\" alt=\"Fajas\" class=\"product_cat-moldea-tu-figura\">Fajas<\/a> <a href=\"https:\/\/www.disfrutadetubienestar.com\/en\/product-category\/ofertas\/\" alt=\"Promociones\" class=\"product_cat-ofertas\">Promociones<\/a> "},"tpgb_product_data":{"price_html":"<del aria-hidden=\"true\"><span class=\"woocommerce-Price-amount amount\"><bdi><span class=\"woocommerce-Price-currencySymbol\">&#36;<\/span>&nbsp;162.000<\/bdi><\/span><\/del> <span class=\"screen-reader-text\">Original price was: &#036;&nbsp;162.000.<\/span><ins aria-hidden=\"true\"><span class=\"woocommerce-Price-amount amount\"><bdi><span class=\"woocommerce-Price-currencySymbol\">&#36;<\/span>&nbsp;133.000<\/bdi><\/span><\/ins><span class=\"screen-reader-text\">Current price is: &#036;&nbsp;133.000.<\/span>","type":"variable","gallery":["https:\/\/www.disfrutadetubienestar.com\/wp-content\/uploads\/2022\/12\/Guia-de-Tallas.jpg",1599,867,false],"category":"Fajas","procatslug":"moldea-tu-figura","productBadge":"<span class=\"badge onsale perc\">&darr; 18%<\/span>"},"jetpack_sharing_enabled":true,"_links":{"self":[{"href":"https:\/\/www.disfrutadetubienestar.com\/en\/wp-json\/wp\/v2\/product\/2074","targetHints":{"allow":["GET"]}}],"collection":[{"href":"https:\/\/www.disfrutadetubienestar.com\/en\/wp-json\/wp\/v2\/product"}],"about":[{"href":"https:\/\/www.disfrutadetubienestar.com\/en\/wp-json\/wp\/v2\/types\/product"}],"replies":[{"embeddable":true,"href":"https:\/\/www.disfrutadetubienestar.com\/en\/wp-json\/wp\/v2\/comments?post=2074"}],"wp:featuredmedia":[{"embeddable":true,"href":"https:\/\/www.disfrutadetubienestar.com\/en\/wp-json\/wp\/v2\/media\/2083"}],"wp:attachment":[{"href":"https:\/\/www.disfrutadetubienestar.com\/en\/wp-json\/wp\/v2\/media?parent=2074"}],"wp:term":[{"taxonomy":"product_brand","embeddable":true,"href":"https:\/\/www.disfrutadetubienestar.com\/en\/wp-json\/wp\/v2\/product_brand?post=2074"},{"taxonomy":"product_cat","embeddable":true,"href":"https:\/\/www.disfrutadetubienestar.com\/en\/wp-json\/wp\/v2\/product_cat?post=2074"},{"taxonomy":"product_tag","embeddable":true,"href":"https:\/\/www.disfrutadetubienestar.com\/en\/wp-json\/wp\/v2\/product_tag?post=2074"}],"curies":[{"name":"wp","href":"https:\/\/api.w.org\/{rel}","templated":true}]}}