{"id":3157,"date":"2023-02-02T23:41:58","date_gmt":"2023-02-03T04:41:58","guid":{"rendered":"https:\/\/www.disfrutadetubienestar.com\/?post_type=product&#038;p=3157"},"modified":"2024-02-05T08:25:46","modified_gmt":"2024-02-05T13:25:46","slug":"sistema-cuidado-para-la-piel-the-fame-1-set","status":"publish","type":"product","link":"https:\/\/www.disfrutadetubienestar.com\/en\/product\/sistema-cuidado-para-la-piel-the-fame-1-set\/","title":{"rendered":"Sistema Cuidado para la Piel The Fame (1 Set)"},"content":{"rendered":"<p><strong>SISTEMA DE CUIDADO PARA LA PIEL ATOMY<\/strong><br \/>\n<strong>THE FAME<\/strong><\/p>\n<p>Nuevos ingredientes<\/p>\n<p>Sn. Pantenol (Dexpantenol)<br \/>\n\/ 5 tipos de \u00e1cidos hialur\u00f3nicos<br \/>\ne Nueva tecnolog\u00eda! a<br \/>\nNuevas O *riple aceite<br \/>\n\u201cacter\u00edsti Microc\u00e1psula<br \/>\ncaracter\u00edsticas Aceite de semilla de arg\u00e1n<br \/>\nFito escualeno, manteca de Karit\u00e9<\/p>","protected":false},"excerpt":{"rendered":"<p>SISTEMA DE CUIDADO PARA<br \/>\nLA PIEL ATOMY<\/p>\n<p>SKIN CARE SYSTEM<br \/>\nTHE FAME<\/p>\n<p>Belleza incesante<br \/>\nReputaci\u00f3n impecable<\/p>\n<p>Belleza incesante, reputaci\u00f3n impecable<br \/>\nEl comienzo de una nueva leyenda que ir\u00e1 m\u00e1s all\u00e1 de<br \/>\nlos logros de los \u00faltimos 10 a\u00f1os<\/p>\n<p>Belleza admirable, reputaci\u00f3n impecable<\/p>","protected":false},"featured_media":3172,"comment_status":"open","ping_status":"closed","template":"","meta":{"tpgb_global_settings":"","_eb_attr":"","_kadence_starter_templates_imported_post":false,"_kad_post_transparent":"default","_kad_post_title":"","_kad_post_layout":"default","_kad_post_sidebar_id":"","_kad_post_content_style":"default","_kad_post_vertical_padding":"default","_kad_post_feature":"","_kad_post_feature_position":"","_kad_post_header":false,"_kad_post_footer":false,"_joinchat":[]},"product_brand":[],"product_cat":[55,22,32,50,41],"product_tag":[],"class_list":{"0":"post-3157","1":"product","2":"type-product","3":"status-publish","4":"has-post-thumbnail","6":"product_cat-atomy","7":"product_cat-productos-para-la-piel","8":"product_cat-piel","9":"product_cat-productos-para-la-piel-2","10":"product_cat-ofertas","12":"first","13":"instock","14":"sale","15":"shipping-taxable","16":"purchasable","17":"product-type-simple","18":"add-to-wishlist-after_add_to_cart","19":"entry","20":"content-bg","21":"loop-entry"},"tpgb_featured_images":{"full":["https:\/\/www.disfrutadetubienestar.com\/wp-content\/uploads\/2023\/02\/00003_2.jpg",400,400,false],"tp-image-grid":["https:\/\/www.disfrutadetubienestar.com\/wp-content\/uploads\/2023\/02\/00003_2-700x700.jpg",700,700,true],"thumbnail":["https:\/\/www.disfrutadetubienestar.com\/wp-content\/uploads\/2023\/02\/00003_2-150x150.jpg",150,150,true],"medium":["https:\/\/www.disfrutadetubienestar.com\/wp-content\/uploads\/2023\/02\/00003_2-300x300.jpg",300,300,true],"medium_large":["https:\/\/www.disfrutadetubienestar.com\/wp-content\/uploads\/2023\/02\/00003_2.jpg",400,400,false],"large":["https:\/\/www.disfrutadetubienestar.com\/wp-content\/uploads\/2023\/02\/00003_2.jpg",400,400,false],"default":"https:\/\/www.disfrutadetubienestar.com\/wp-content\/plugins\/the-plus-addons-for-block-editor\/assets\/images\/tpgb-placeholder.jpg"},"tpgb_post_meta_info":{"get_date":"2 de February de 2023","get_modified_date":"5 de February de 2024","category_list":{"product_brand":false,"product_cat":[{"term_id":55,"name":"Atomy","slug":"atomy","term_group":0,"term_taxonomy_id":55,"taxonomy":"product_cat","description":"","parent":0,"count":45,"filter":"raw"},{"term_id":22,"name":"Belleza","slug":"productos-para-la-piel","term_group":0,"term_taxonomy_id":22,"taxonomy":"product_cat","description":"","parent":0,"count":45,"filter":"raw"},{"term_id":32,"name":"Facial","slug":"piel","term_group":0,"term_taxonomy_id":32,"taxonomy":"product_cat","description":"","parent":0,"count":31,"filter":"raw"},{"term_id":50,"name":"Piel","slug":"productos-para-la-piel-2","term_group":0,"term_taxonomy_id":50,"taxonomy":"product_cat","description":"","parent":0,"count":26,"filter":"raw"},{"term_id":41,"name":"Promociones","slug":"ofertas","term_group":0,"term_taxonomy_id":41,"taxonomy":"product_cat","description":"Promociones exclusivos para ti","parent":0,"count":34,"filter":"raw"}],"product_tag":false},"comment_count":65,"post_likes":0,"post_views":0},"tpgb_post_category":{"product_cat":"<a href=\"https:\/\/www.disfrutadetubienestar.com\/en\/product-category\/atomy\/\" alt=\"Atomy\" class=\"product_cat-atomy\">Atomy<\/a> <a href=\"https:\/\/www.disfrutadetubienestar.com\/en\/product-category\/productos-para-la-piel\/\" alt=\"Belleza\" class=\"product_cat-productos-para-la-piel\">Belleza<\/a> <a href=\"https:\/\/www.disfrutadetubienestar.com\/en\/product-category\/piel\/\" alt=\"Facial\" class=\"product_cat-piel\">Facial<\/a> <a href=\"https:\/\/www.disfrutadetubienestar.com\/en\/product-category\/productos-para-la-piel-2\/\" alt=\"Piel\" class=\"product_cat-productos-para-la-piel-2\">Piel<\/a> <a href=\"https:\/\/www.disfrutadetubienestar.com\/en\/product-category\/ofertas\/\" alt=\"Promociones\" class=\"product_cat-ofertas\">Promociones<\/a> "},"tpgb_product_data":{"price_html":"<del aria-hidden=\"true\"><span class=\"woocommerce-Price-amount amount\"><bdi><span class=\"woocommerce-Price-currencySymbol\">&#36;<\/span>&nbsp;570.000<\/bdi><\/span><\/del> <span class=\"screen-reader-text\">Original price was: &#036;&nbsp;570.000.<\/span><ins aria-hidden=\"true\"><span class=\"woocommerce-Price-amount amount\"><bdi><span class=\"woocommerce-Price-currencySymbol\">&#36;<\/span>&nbsp;545.000<\/bdi><\/span><\/ins><span class=\"screen-reader-text\">Current price is: &#036;&nbsp;545.000.<\/span>","type":"simple","gallery":["https:\/\/www.disfrutadetubienestar.com\/wp-content\/uploads\/2023\/02\/theFameCO_01.gif",750,1197,false],"category":"Atomy","procatslug":"atomy","productBadge":"<span class=\"badge onsale perc\">&darr; 4%<\/span>"},"jetpack_sharing_enabled":true,"_links":{"self":[{"href":"https:\/\/www.disfrutadetubienestar.com\/en\/wp-json\/wp\/v2\/product\/3157","targetHints":{"allow":["GET"]}}],"collection":[{"href":"https:\/\/www.disfrutadetubienestar.com\/en\/wp-json\/wp\/v2\/product"}],"about":[{"href":"https:\/\/www.disfrutadetubienestar.com\/en\/wp-json\/wp\/v2\/types\/product"}],"replies":[{"embeddable":true,"href":"https:\/\/www.disfrutadetubienestar.com\/en\/wp-json\/wp\/v2\/comments?post=3157"}],"wp:featuredmedia":[{"embeddable":true,"href":"https:\/\/www.disfrutadetubienestar.com\/en\/wp-json\/wp\/v2\/media\/3172"}],"wp:attachment":[{"href":"https:\/\/www.disfrutadetubienestar.com\/en\/wp-json\/wp\/v2\/media?parent=3157"}],"wp:term":[{"taxonomy":"product_brand","embeddable":true,"href":"https:\/\/www.disfrutadetubienestar.com\/en\/wp-json\/wp\/v2\/product_brand?post=3157"},{"taxonomy":"product_cat","embeddable":true,"href":"https:\/\/www.disfrutadetubienestar.com\/en\/wp-json\/wp\/v2\/product_cat?post=3157"},{"taxonomy":"product_tag","embeddable":true,"href":"https:\/\/www.disfrutadetubienestar.com\/en\/wp-json\/wp\/v2\/product_tag?post=3157"}],"curies":[{"name":"wp","href":"https:\/\/api.w.org\/{rel}","templated":true}]}}