{"id":3201,"date":"2023-02-08T18:31:18","date_gmt":"2023-02-08T23:31:18","guid":{"rendered":"https:\/\/www.disfrutadetubienestar.com\/?post_type=product&#038;p=3201"},"modified":"2023-02-10T19:06:20","modified_gmt":"2023-02-11T00:06:20","slug":"protector-solar-beige-x1","status":"publish","type":"product","link":"https:\/\/www.disfrutadetubienestar.com\/en\/product\/protector-solar-beige-x1\/","title":{"rendered":"Protector Solar Beige &#8211; color piel"},"content":{"rendered":"<p>Tecnolog\u00eda de dispersi\u00f3n uniforme y estable<\/p>\n<p>+ Alto FPS y dispersi\u00f3n natural.<br \/>\nE + Final fresco y ligero sin adherencia.<br \/>\nSS y NS + Funci\u00f3n de cuidado solar natural.<\/p>\n<p>Alto nivel de protecci\u00f3n UV y suavidad<\/p>\n<p>+Mantiene protecci\u00f3n UV<br \/>\n77 eficazmente durante mucho<br \/>\ntiempo.<br \/>\n+ Cubre la mayor superficie de la<br \/>\n* Oil droplet e TiO2 particle + Sunscreen piel con movimientos suaves.<br \/>\n+ Mantiene la humedad de la piel<\/p>\n<p>\u00bfQu\u00e9 es FPS? \u00bfQu\u00e9 es PA?<\/p>\n<p>+ \u00bfQu\u00e9 es FPS? SPF es un &#8220;Factor de Protecci\u00f3n Solar &#8220;.<br \/>\nCuanto m\u00e1s alto es el FPS, m\u00e1s protecci\u00f3n ofrece la<br \/>\npiel contra los rayos UV-B.<\/p>\n<p>+ \u00bfQu\u00e9 es PA? PA es un &#8220;factor de protecci\u00f3n de los<br \/>\nrayos UV-A&#8221;. &#8220;+&#8221; es la clasificaci\u00f3n de &#8220;PA&#8221;, que se<\/p>\n<p>refiere a la cantidad de protecci\u00f3n que ofrece la<br \/>\ncrema solar contra los rayos UV-A que pueden causar<br \/>\nda\u00f1os en la piel a largo plazo. La clasificaci\u00f3n PA se<br \/>\nenumeran como PA +, PA ++ o PA +++, Cuanto tenga<br \/>\nm\u00e1s +&#8221;, la mayor protecci\u00f3n contra los rayos UV-A.<\/p>","protected":false},"excerpt":{"rendered":"<p>&nbsp;<\/p>\n<p><strong>Atomy Protector Solar\u00a0 \u00a0 \u00a0 &#8211;\u00a0 \u00a0 AMPLIO ESPECTRO CON FPS 50+<\/strong><\/p>\n<p>&nbsp;<\/p>\n<p>Amplio espectro con FPS 50+<\/p>\n<p>\u201d Doble Protecci\u00f3n de UVA\/UVB<\/p>\n<p>&#8211; Textura Excelente<br \/>\nSe absorbe sin problemas y pegajosidad<\/p>\n<p>= Sin Residuos blancos<br \/>\nDispersi\u00f3n de pigmento de polvo de crema y<br \/>\nmodificador de la reolog\u00eda.<br \/>\n= Doble efecto de filtrado de agentes bloqueantes<br \/>\nResistente contra sudor y grasa.<br \/>\nSu alto SPF lo hace ideal como un filtro solar al aire libre<br \/>\n&#8211; Suave con 4 ingredientes no-agregados<br \/>\nIngredientes de origen animal, aceite mineral, trietanolamina<\/p>","protected":false},"featured_media":3205,"comment_status":"open","ping_status":"closed","template":"","meta":{"tpgb_global_settings":"","_eb_attr":"","_kadence_starter_templates_imported_post":false,"_kad_post_transparent":"default","_kad_post_title":"","_kad_post_layout":"default","_kad_post_sidebar_id":"","_kad_post_content_style":"default","_kad_post_vertical_padding":"default","_kad_post_feature":"","_kad_post_feature_position":"","_kad_post_header":false,"_kad_post_footer":false,"_joinchat":[]},"product_brand":[],"product_cat":[55,22,34,50,41,72],"product_tag":[],"class_list":{"0":"post-3201","1":"product","2":"type-product","3":"status-publish","4":"has-post-thumbnail","6":"product_cat-atomy","7":"product_cat-productos-para-la-piel","8":"product_cat-cuerpo","9":"product_cat-productos-para-la-piel-2","10":"product_cat-ofertas","11":"product_cat-protector-solar","13":"first","14":"outofstock","15":"sale","16":"shipping-taxable","17":"purchasable","18":"product-type-simple","19":"add-to-wishlist-after_add_to_cart","20":"entry","21":"content-bg","22":"loop-entry"},"tpgb_featured_images":{"full":["https:\/\/www.disfrutadetubienestar.com\/wp-content\/uploads\/2023\/02\/Protector-Solar-Beige-x1.jpg",400,400,false],"tp-image-grid":["https:\/\/www.disfrutadetubienestar.com\/wp-content\/uploads\/2023\/02\/Protector-Solar-Beige-x1-700x700.jpg",700,700,true],"thumbnail":["https:\/\/www.disfrutadetubienestar.com\/wp-content\/uploads\/2023\/02\/Protector-Solar-Beige-x1-150x150.jpg",150,150,true],"medium":["https:\/\/www.disfrutadetubienestar.com\/wp-content\/uploads\/2023\/02\/Protector-Solar-Beige-x1-300x300.jpg",300,300,true],"medium_large":["https:\/\/www.disfrutadetubienestar.com\/wp-content\/uploads\/2023\/02\/Protector-Solar-Beige-x1.jpg",400,400,false],"large":["https:\/\/www.disfrutadetubienestar.com\/wp-content\/uploads\/2023\/02\/Protector-Solar-Beige-x1.jpg",400,400,false],"default":"https:\/\/www.disfrutadetubienestar.com\/wp-content\/plugins\/the-plus-addons-for-block-editor\/assets\/images\/tpgb-placeholder.jpg"},"tpgb_post_meta_info":{"get_date":"8 de February de 2023","get_modified_date":"10 de February de 2023","category_list":{"product_brand":false,"product_cat":[{"term_id":55,"name":"Atomy","slug":"atomy","term_group":0,"term_taxonomy_id":55,"taxonomy":"product_cat","description":"","parent":0,"count":45,"filter":"raw"},{"term_id":22,"name":"Belleza","slug":"productos-para-la-piel","term_group":0,"term_taxonomy_id":22,"taxonomy":"product_cat","description":"","parent":0,"count":45,"filter":"raw"},{"term_id":34,"name":"Cuidado Personal","slug":"cuerpo","term_group":0,"term_taxonomy_id":34,"taxonomy":"product_cat","description":"","parent":0,"count":30,"filter":"raw"},{"term_id":50,"name":"Piel","slug":"productos-para-la-piel-2","term_group":0,"term_taxonomy_id":50,"taxonomy":"product_cat","description":"","parent":0,"count":26,"filter":"raw"},{"term_id":41,"name":"Promociones","slug":"ofertas","term_group":0,"term_taxonomy_id":41,"taxonomy":"product_cat","description":"Promociones exclusivos para ti","parent":0,"count":34,"filter":"raw"},{"term_id":72,"name":"Protector solar","slug":"protector-solar","term_group":0,"term_taxonomy_id":72,"taxonomy":"product_cat","description":"","parent":0,"count":3,"filter":"raw"}],"product_tag":false},"comment_count":0,"post_likes":0,"post_views":0},"tpgb_post_category":{"product_cat":"<a href=\"https:\/\/www.disfrutadetubienestar.com\/en\/product-category\/atomy\/\" alt=\"Atomy\" class=\"product_cat-atomy\">Atomy<\/a> <a href=\"https:\/\/www.disfrutadetubienestar.com\/en\/product-category\/productos-para-la-piel\/\" alt=\"Belleza\" class=\"product_cat-productos-para-la-piel\">Belleza<\/a> <a href=\"https:\/\/www.disfrutadetubienestar.com\/en\/product-category\/cuerpo\/\" alt=\"Cuidado Personal\" class=\"product_cat-cuerpo\">Cuidado Personal<\/a> <a href=\"https:\/\/www.disfrutadetubienestar.com\/en\/product-category\/productos-para-la-piel-2\/\" alt=\"Piel\" class=\"product_cat-productos-para-la-piel-2\">Piel<\/a> <a href=\"https:\/\/www.disfrutadetubienestar.com\/en\/product-category\/ofertas\/\" alt=\"Promociones\" class=\"product_cat-ofertas\">Promociones<\/a> <a href=\"https:\/\/www.disfrutadetubienestar.com\/en\/product-category\/protector-solar\/\" alt=\"Protector solar\" class=\"product_cat-protector-solar\">Protector solar<\/a> "},"tpgb_product_data":{"price_html":"<del aria-hidden=\"true\"><span class=\"woocommerce-Price-amount amount\"><bdi><span class=\"woocommerce-Price-currencySymbol\">&#36;<\/span>&nbsp;52.000<\/bdi><\/span><\/del> <span class=\"screen-reader-text\">Original price was: &#036;&nbsp;52.000.<\/span><ins aria-hidden=\"true\"><span class=\"woocommerce-Price-amount amount\"><bdi><span class=\"woocommerce-Price-currencySymbol\">&#36;<\/span>&nbsp;48.000<\/bdi><\/span><\/ins><span class=\"screen-reader-text\">Current price is: &#036;&nbsp;48.000.<\/span>","type":"simple","gallery":["https:\/\/www.disfrutadetubienestar.com\/wp-content\/uploads\/2023\/02\/Protector-Solar-Beige-x12.gif",750,510,false],"category":"Atomy","procatslug":"atomy","productBadge":"<span class=\"badge out-of-stock\">Out Of stock<\/span>"},"jetpack_sharing_enabled":true,"_links":{"self":[{"href":"https:\/\/www.disfrutadetubienestar.com\/en\/wp-json\/wp\/v2\/product\/3201","targetHints":{"allow":["GET"]}}],"collection":[{"href":"https:\/\/www.disfrutadetubienestar.com\/en\/wp-json\/wp\/v2\/product"}],"about":[{"href":"https:\/\/www.disfrutadetubienestar.com\/en\/wp-json\/wp\/v2\/types\/product"}],"replies":[{"embeddable":true,"href":"https:\/\/www.disfrutadetubienestar.com\/en\/wp-json\/wp\/v2\/comments?post=3201"}],"wp:featuredmedia":[{"embeddable":true,"href":"https:\/\/www.disfrutadetubienestar.com\/en\/wp-json\/wp\/v2\/media\/3205"}],"wp:attachment":[{"href":"https:\/\/www.disfrutadetubienestar.com\/en\/wp-json\/wp\/v2\/media?parent=3201"}],"wp:term":[{"taxonomy":"product_brand","embeddable":true,"href":"https:\/\/www.disfrutadetubienestar.com\/en\/wp-json\/wp\/v2\/product_brand?post=3201"},{"taxonomy":"product_cat","embeddable":true,"href":"https:\/\/www.disfrutadetubienestar.com\/en\/wp-json\/wp\/v2\/product_cat?post=3201"},{"taxonomy":"product_tag","embeddable":true,"href":"https:\/\/www.disfrutadetubienestar.com\/en\/wp-json\/wp\/v2\/product_tag?post=3201"}],"curies":[{"name":"wp","href":"https:\/\/api.w.org\/{rel}","templated":true}]}}