{"id":3215,"date":"2023-02-08T19:38:54","date_gmt":"2023-02-09T00:38:54","guid":{"rendered":"https:\/\/www.disfrutadetubienestar.com\/?post_type=product&#038;p=3215"},"modified":"2023-02-10T13:51:49","modified_gmt":"2023-02-10T18:51:49","slug":"crema-dental-200g-1-set","status":"publish","type":"product","link":"https:\/\/www.disfrutadetubienestar.com\/en\/product\/crema-dental-200g-1-set\/","title":{"rendered":"Crema Dental 200g (1 Set)"},"content":{"rendered":"<p><strong>Prevenci\u00f3n de caries<\/strong><\/p>\n<p>&nbsp;<\/p>\n<p>Inhibe el metabolismo Reduce la formaci\u00f3n<\/p>\n<p>La triple acci\u00f3n del monofluorofosfato, el fluoruro de sodio y el xilitol<br \/>\nprevienen la caries dental.<\/p>\n<p>&nbsp;<\/p>\n<p>eliminaci\u00f3n de mal aliento\u2014\u2014\u2014\u2014<\/p>\n<p>Las bacterias &#8211; El mal aliento o\u00a0halitosis es causado<br \/>\npor el sulfuro de hidr\u00f3geno y las bacterias mezcladas de Residuos de Alimentos hidr\u00f3geno gaseoso org\u00e1nicas.<\/p>\n<p>Materias oxidados<\/p>","protected":false},"excerpt":{"rendered":"<p><strong>Pasta Dental tiene efectos antiplaca, antibacterial y antiinflamatorio<\/strong><\/p>\n<p>caracter\u00edsticas<\/p>\n<p>Catequina, uno de los componentes m\u00e1s importantes del t\u00e9 verde ya que<br \/>\naumenta la potencia inmune, con efecto antioxidante, antibi\u00f3tico y<br \/>\ndesodorizante, ayuda a combatir el mal aliento.<\/p>\n<p>&#8211; Extracto de prop\u00f3leo:<br \/>\nResina pegajosa de color marr\u00f3n oscuro antibi\u00f3tica natural, con efecto<br \/>\nantiinflamatorio y antibacteriano para inhibir la propagaci\u00f3n de diversas<br \/>\nbacterias y virus.<\/p>\n<p>&#8211; Xilitol:<br \/>\nEndulzante natural que ayuda a prevenir la caries, adem\u00e1s es efectivo en<br \/>\nprevenir el deterioro de los dientes.<\/p>\n<p>eliminaci\u00f3n del sarro<\/p>\n<p>&#8211; La acumulaci\u00f3n del sarro<br \/>\nexcesiva puede generar placa<br \/>\ndental y gingivitis.<\/p>\n<p>&#8211;\u00a0 Pasta Dental elimina la<br \/>\nplaca mediante la cantidad<br \/>\napropiada de di\u00f3xido de silicio.<\/p>","protected":false},"featured_media":3219,"comment_status":"open","ping_status":"closed","template":"","meta":{"tpgb_global_settings":"","_eb_attr":"","_kadence_starter_templates_imported_post":false,"_kad_post_transparent":"default","_kad_post_title":"","_kad_post_layout":"default","_kad_post_sidebar_id":"","_kad_post_content_style":"default","_kad_post_vertical_padding":"default","_kad_post_feature":"","_kad_post_feature_position":"","_kad_post_header":false,"_kad_post_footer":false,"_joinchat":[]},"product_brand":[],"product_cat":[43,55,53,34,41],"product_tag":[],"class_list":{"0":"post-3215","1":"product","2":"type-product","3":"status-publish","4":"has-post-thumbnail","6":"product_cat-biodegradable","7":"product_cat-atomy","8":"product_cat-cuidado-y-prevencion","9":"product_cat-cuerpo","10":"product_cat-ofertas","12":"first","13":"instock","14":"sale","15":"shipping-taxable","16":"purchasable","17":"product-type-simple","18":"add-to-wishlist-after_add_to_cart","19":"entry","20":"content-bg","21":"loop-entry"},"tpgb_featured_images":{"full":["https:\/\/www.disfrutadetubienestar.com\/wp-content\/uploads\/2023\/02\/crema-dental-set.jpg",400,400,false],"tp-image-grid":["https:\/\/www.disfrutadetubienestar.com\/wp-content\/uploads\/2023\/02\/crema-dental-set-700x700.jpg",700,700,true],"thumbnail":["https:\/\/www.disfrutadetubienestar.com\/wp-content\/uploads\/2023\/02\/crema-dental-set-150x150.jpg",150,150,true],"medium":["https:\/\/www.disfrutadetubienestar.com\/wp-content\/uploads\/2023\/02\/crema-dental-set-300x300.jpg",300,300,true],"medium_large":["https:\/\/www.disfrutadetubienestar.com\/wp-content\/uploads\/2023\/02\/crema-dental-set.jpg",400,400,false],"large":["https:\/\/www.disfrutadetubienestar.com\/wp-content\/uploads\/2023\/02\/crema-dental-set.jpg",400,400,false],"default":"https:\/\/www.disfrutadetubienestar.com\/wp-content\/plugins\/the-plus-addons-for-block-editor\/assets\/images\/tpgb-placeholder.jpg"},"tpgb_post_meta_info":{"get_date":"8 de February de 2023","get_modified_date":"10 de February de 2023","category_list":{"product_brand":false,"product_cat":[{"term_id":43,"name":"Aseo Biodegradable","slug":"biodegradable","term_group":0,"term_taxonomy_id":43,"taxonomy":"product_cat","description":"productos de calidad biologicos","parent":0,"count":9,"filter":"raw"},{"term_id":55,"name":"Atomy","slug":"atomy","term_group":0,"term_taxonomy_id":55,"taxonomy":"product_cat","description":"","parent":0,"count":45,"filter":"raw"},{"term_id":53,"name":"Cuidado de la salud","slug":"cuidado-y-prevencion","term_group":0,"term_taxonomy_id":53,"taxonomy":"product_cat","description":"","parent":0,"count":38,"filter":"raw"},{"term_id":34,"name":"Cuidado Personal","slug":"cuerpo","term_group":0,"term_taxonomy_id":34,"taxonomy":"product_cat","description":"","parent":0,"count":30,"filter":"raw"},{"term_id":41,"name":"Promociones","slug":"ofertas","term_group":0,"term_taxonomy_id":41,"taxonomy":"product_cat","description":"Promociones exclusivos para ti","parent":0,"count":34,"filter":"raw"}],"product_tag":false},"comment_count":0,"post_likes":0,"post_views":0},"tpgb_post_category":{"product_cat":"<a href=\"https:\/\/www.disfrutadetubienestar.com\/en\/product-category\/biodegradable\/\" alt=\"Aseo Biodegradable\" class=\"product_cat-biodegradable\">Aseo Biodegradable<\/a> <a href=\"https:\/\/www.disfrutadetubienestar.com\/en\/product-category\/atomy\/\" alt=\"Atomy\" class=\"product_cat-atomy\">Atomy<\/a> <a href=\"https:\/\/www.disfrutadetubienestar.com\/en\/product-category\/cuidado-y-prevencion\/\" alt=\"Cuidado de la salud\" class=\"product_cat-cuidado-y-prevencion\">Cuidado de la salud<\/a> <a href=\"https:\/\/www.disfrutadetubienestar.com\/en\/product-category\/cuerpo\/\" alt=\"Cuidado Personal\" class=\"product_cat-cuerpo\">Cuidado Personal<\/a> <a href=\"https:\/\/www.disfrutadetubienestar.com\/en\/product-category\/ofertas\/\" alt=\"Promociones\" class=\"product_cat-ofertas\">Promociones<\/a> "},"tpgb_product_data":{"price_html":"<del aria-hidden=\"true\"><span class=\"woocommerce-Price-amount amount\"><bdi><span class=\"woocommerce-Price-currencySymbol\">&#36;<\/span>&nbsp;96.000<\/bdi><\/span><\/del> <span class=\"screen-reader-text\">Original price was: &#036;&nbsp;96.000.<\/span><ins aria-hidden=\"true\"><span class=\"woocommerce-Price-amount amount\"><bdi><span class=\"woocommerce-Price-currencySymbol\">&#36;<\/span>&nbsp;88.000<\/bdi><\/span><\/ins><span class=\"screen-reader-text\">Current price is: &#036;&nbsp;88.000.<\/span>","type":"simple","gallery":["https:\/\/www.disfrutadetubienestar.com\/wp-content\/uploads\/2023\/02\/crema-dental-set2.jpg",750,503,false],"category":"Aseo Biodegradable","procatslug":"biodegradable","productBadge":"<span class=\"badge onsale perc\">&darr; 8%<\/span>"},"jetpack_sharing_enabled":true,"_links":{"self":[{"href":"https:\/\/www.disfrutadetubienestar.com\/en\/wp-json\/wp\/v2\/product\/3215","targetHints":{"allow":["GET"]}}],"collection":[{"href":"https:\/\/www.disfrutadetubienestar.com\/en\/wp-json\/wp\/v2\/product"}],"about":[{"href":"https:\/\/www.disfrutadetubienestar.com\/en\/wp-json\/wp\/v2\/types\/product"}],"replies":[{"embeddable":true,"href":"https:\/\/www.disfrutadetubienestar.com\/en\/wp-json\/wp\/v2\/comments?post=3215"}],"wp:featuredmedia":[{"embeddable":true,"href":"https:\/\/www.disfrutadetubienestar.com\/en\/wp-json\/wp\/v2\/media\/3219"}],"wp:attachment":[{"href":"https:\/\/www.disfrutadetubienestar.com\/en\/wp-json\/wp\/v2\/media?parent=3215"}],"wp:term":[{"taxonomy":"product_brand","embeddable":true,"href":"https:\/\/www.disfrutadetubienestar.com\/en\/wp-json\/wp\/v2\/product_brand?post=3215"},{"taxonomy":"product_cat","embeddable":true,"href":"https:\/\/www.disfrutadetubienestar.com\/en\/wp-json\/wp\/v2\/product_cat?post=3215"},{"taxonomy":"product_tag","embeddable":true,"href":"https:\/\/www.disfrutadetubienestar.com\/en\/wp-json\/wp\/v2\/product_tag?post=3215"}],"curies":[{"name":"wp","href":"https:\/\/api.w.org\/{rel}","templated":true}]}}