{"id":3267,"date":"2023-02-08T21:54:34","date_gmt":"2023-02-09T02:54:34","guid":{"rendered":"https:\/\/www.disfrutadetubienestar.com\/?post_type=product&#038;p=3267"},"modified":"2023-02-10T13:44:12","modified_gmt":"2023-02-10T18:44:12","slug":"the-fame-crema-esencia","status":"publish","type":"product","link":"https:\/\/www.disfrutadetubienestar.com\/en\/product\/the-fame-crema-esencia\/","title":{"rendered":"The Fame Crema Esencia"},"content":{"rendered":"","protected":false},"excerpt":{"rendered":"<p><strong>Atomy The Fame Crema Esencia<\/strong><\/p>\n<p>Lleva los nutrientes profundamente<br \/>\nen la piel<\/p>\n<p>Cuidado nutritivo concentrado profundamente<br \/>\nen la piel a trav\u00e9s del m\u00e9todo M\/F<br \/>\n+ M\u00e1s ingredientes altamente eficaces son llevados<\/p>\n<p>profundamente y m\u00e1s r\u00e1pido a trav\u00e9s del sistema de<br \/>\nmicrosuministro.<\/p>","protected":false},"featured_media":3269,"comment_status":"open","ping_status":"closed","template":"","meta":{"tpgb_global_settings":"","_eb_attr":"","_kadence_starter_templates_imported_post":false,"_kad_post_transparent":"default","_kad_post_title":"","_kad_post_layout":"default","_kad_post_sidebar_id":"","_kad_post_content_style":"default","_kad_post_vertical_padding":"default","_kad_post_feature":"","_kad_post_feature_position":"","_kad_post_header":false,"_kad_post_footer":false,"_joinchat":[]},"product_brand":[],"product_cat":[55,22,32,50,41],"product_tag":[],"class_list":{"0":"post-3267","1":"product","2":"type-product","3":"status-publish","4":"has-post-thumbnail","6":"product_cat-atomy","7":"product_cat-productos-para-la-piel","8":"product_cat-piel","9":"product_cat-productos-para-la-piel-2","10":"product_cat-ofertas","12":"first","13":"instock","14":"sale","15":"shipping-taxable","16":"purchasable","17":"product-type-simple","18":"add-to-wishlist-after_add_to_cart","19":"entry","20":"content-bg","21":"loop-entry"},"tpgb_featured_images":{"full":["https:\/\/www.disfrutadetubienestar.com\/wp-content\/uploads\/2023\/02\/The-Fame-Crema-Esencia.jpg",400,400,false],"tp-image-grid":["https:\/\/www.disfrutadetubienestar.com\/wp-content\/uploads\/2023\/02\/The-Fame-Crema-Esencia-700x700.jpg",700,700,true],"thumbnail":["https:\/\/www.disfrutadetubienestar.com\/wp-content\/uploads\/2023\/02\/The-Fame-Crema-Esencia-150x150.jpg",150,150,true],"medium":["https:\/\/www.disfrutadetubienestar.com\/wp-content\/uploads\/2023\/02\/The-Fame-Crema-Esencia-300x300.jpg",300,300,true],"medium_large":["https:\/\/www.disfrutadetubienestar.com\/wp-content\/uploads\/2023\/02\/The-Fame-Crema-Esencia.jpg",400,400,false],"large":["https:\/\/www.disfrutadetubienestar.com\/wp-content\/uploads\/2023\/02\/The-Fame-Crema-Esencia.jpg",400,400,false],"default":"https:\/\/www.disfrutadetubienestar.com\/wp-content\/plugins\/the-plus-addons-for-block-editor\/assets\/images\/tpgb-placeholder.jpg"},"tpgb_post_meta_info":{"get_date":"8 de February de 2023","get_modified_date":"10 de February de 2023","category_list":{"product_brand":false,"product_cat":[{"term_id":55,"name":"Atomy","slug":"atomy","term_group":0,"term_taxonomy_id":55,"taxonomy":"product_cat","description":"","parent":0,"count":45,"filter":"raw"},{"term_id":22,"name":"Belleza","slug":"productos-para-la-piel","term_group":0,"term_taxonomy_id":22,"taxonomy":"product_cat","description":"","parent":0,"count":45,"filter":"raw"},{"term_id":32,"name":"Facial","slug":"piel","term_group":0,"term_taxonomy_id":32,"taxonomy":"product_cat","description":"","parent":0,"count":31,"filter":"raw"},{"term_id":50,"name":"Piel","slug":"productos-para-la-piel-2","term_group":0,"term_taxonomy_id":50,"taxonomy":"product_cat","description":"","parent":0,"count":26,"filter":"raw"},{"term_id":41,"name":"Promociones","slug":"ofertas","term_group":0,"term_taxonomy_id":41,"taxonomy":"product_cat","description":"Promociones exclusivos para ti","parent":0,"count":34,"filter":"raw"}],"product_tag":false},"comment_count":0,"post_likes":0,"post_views":0},"tpgb_post_category":{"product_cat":"<a href=\"https:\/\/www.disfrutadetubienestar.com\/en\/product-category\/atomy\/\" alt=\"Atomy\" class=\"product_cat-atomy\">Atomy<\/a> <a href=\"https:\/\/www.disfrutadetubienestar.com\/en\/product-category\/productos-para-la-piel\/\" alt=\"Belleza\" class=\"product_cat-productos-para-la-piel\">Belleza<\/a> <a href=\"https:\/\/www.disfrutadetubienestar.com\/en\/product-category\/piel\/\" alt=\"Facial\" class=\"product_cat-piel\">Facial<\/a> <a href=\"https:\/\/www.disfrutadetubienestar.com\/en\/product-category\/productos-para-la-piel-2\/\" alt=\"Piel\" class=\"product_cat-productos-para-la-piel-2\">Piel<\/a> <a href=\"https:\/\/www.disfrutadetubienestar.com\/en\/product-category\/ofertas\/\" alt=\"Promociones\" class=\"product_cat-ofertas\">Promociones<\/a> "},"tpgb_product_data":{"price_html":"<del aria-hidden=\"true\"><span class=\"woocommerce-Price-amount amount\"><bdi><span class=\"woocommerce-Price-currencySymbol\">&#36;<\/span>&nbsp;130.000<\/bdi><\/span><\/del> <span class=\"screen-reader-text\">Original price was: &#036;&nbsp;130.000.<\/span><ins aria-hidden=\"true\"><span class=\"woocommerce-Price-amount amount\"><bdi><span class=\"woocommerce-Price-currencySymbol\">&#36;<\/span>&nbsp;123.000<\/bdi><\/span><\/ins><span class=\"screen-reader-text\">Current price is: &#036;&nbsp;123.000.<\/span>","type":"simple","gallery":["https:\/\/www.disfrutadetubienestar.com\/wp-content\/uploads\/2023\/02\/theFameCO_05-1.jpg",750,1108,false],"category":"Atomy","procatslug":"atomy","productBadge":"<span class=\"badge onsale perc\">&darr; 5%<\/span>"},"jetpack_sharing_enabled":true,"_links":{"self":[{"href":"https:\/\/www.disfrutadetubienestar.com\/en\/wp-json\/wp\/v2\/product\/3267","targetHints":{"allow":["GET"]}}],"collection":[{"href":"https:\/\/www.disfrutadetubienestar.com\/en\/wp-json\/wp\/v2\/product"}],"about":[{"href":"https:\/\/www.disfrutadetubienestar.com\/en\/wp-json\/wp\/v2\/types\/product"}],"replies":[{"embeddable":true,"href":"https:\/\/www.disfrutadetubienestar.com\/en\/wp-json\/wp\/v2\/comments?post=3267"}],"wp:featuredmedia":[{"embeddable":true,"href":"https:\/\/www.disfrutadetubienestar.com\/en\/wp-json\/wp\/v2\/media\/3269"}],"wp:attachment":[{"href":"https:\/\/www.disfrutadetubienestar.com\/en\/wp-json\/wp\/v2\/media?parent=3267"}],"wp:term":[{"taxonomy":"product_brand","embeddable":true,"href":"https:\/\/www.disfrutadetubienestar.com\/en\/wp-json\/wp\/v2\/product_brand?post=3267"},{"taxonomy":"product_cat","embeddable":true,"href":"https:\/\/www.disfrutadetubienestar.com\/en\/wp-json\/wp\/v2\/product_cat?post=3267"},{"taxonomy":"product_tag","embeddable":true,"href":"https:\/\/www.disfrutadetubienestar.com\/en\/wp-json\/wp\/v2\/product_tag?post=3267"}],"curies":[{"name":"wp","href":"https:\/\/api.w.org\/{rel}","templated":true}]}}